{"id":233,"date":"2020-10-19T13:00:45","date_gmt":"2020-10-19T16:00:45","guid":{"rendered":"https:\/\/intelgiga.com.br\/bcommer\/?post_type=product&#038;p=233"},"modified":"2021-09-16T00:07:45","modified_gmt":"2021-09-16T03:07:45","slug":"gargantilha-colar-the-vampire-diaries-diario-de-um-vampiro","status":"publish","type":"product","link":"https:\/\/intelgiga.com.br\/bcommer\/produto\/gargantilha-colar-the-vampire-diaries-diario-de-um-vampiro\/","title":{"rendered":"Gargantilha \/ Colar The Vampire Diaries \/ Di\u00e1rio de um Vampiro"},"content":{"rendered":"<p>Em camur\u00e7a com pingente gota sangue, gargantilha aprox. 40cm regul\u00e1vel, pingente +- 2,5cm<\/p>\n","protected":false},"excerpt":{"rendered":"<p>Em camur\u00e7a com pingente gota sangue, gargantilha aprox. 40cm regul\u00e1vel, pingente +- 2,5cm<\/p>\n","protected":false},"featured_media":234,"comment_status":"open","ping_status":"closed","template":"","meta":[],"product_cat":[39],"product_tag":[],"_links":{"self":[{"href":"https:\/\/intelgiga.com.br\/bcommer\/wp-json\/wp\/v2\/product\/233"}],"collection":[{"href":"https:\/\/intelgiga.com.br\/bcommer\/wp-json\/wp\/v2\/product"}],"about":[{"href":"https:\/\/intelgiga.com.br\/bcommer\/wp-json\/wp\/v2\/types\/product"}],"replies":[{"embeddable":true,"href":"https:\/\/intelgiga.com.br\/bcommer\/wp-json\/wp\/v2\/comments?post=233"}],"wp:featuredmedia":[{"embeddable":true,"href":"https:\/\/intelgiga.com.br\/bcommer\/wp-json\/wp\/v2\/media\/234"}],"wp:attachment":[{"href":"https:\/\/intelgiga.com.br\/bcommer\/wp-json\/wp\/v2\/media?parent=233"}],"wp:term":[{"taxonomy":"product_cat","embeddable":true,"href":"https:\/\/intelgiga.com.br\/bcommer\/wp-json\/wp\/v2\/product_cat?post=233"},{"taxonomy":"product_tag","embeddable":true,"href":"https:\/\/intelgiga.com.br\/bcommer\/wp-json\/wp\/v2\/product_tag?post=233"}],"curies":[{"name":"wp","href":"https:\/\/api.w.org\/{rel}","templated":true}]}}