{"id":239,"date":"2020-10-19T13:12:44","date_gmt":"2020-10-19T16:12:44","guid":{"rendered":"https:\/\/intelgiga.com.br\/bcommer\/?post_type=product&#038;p=239"},"modified":"2021-09-16T00:06:56","modified_gmt":"2021-09-16T03:06:56","slug":"pincel-em-metal-makeup-marvel-vingadores","status":"publish","type":"product","link":"https:\/\/intelgiga.com.br\/bcommer\/produto\/pincel-em-metal-makeup-marvel-vingadores\/","title":{"rendered":"Pincel em Metal &#8211; Makeup Marvel Vingadores"},"content":{"rendered":"<p>Kit com 05 p\u00e7s fibra de l\u00e3 (sint\u00e9tico), tamanhos variados.<\/p>\n","protected":false},"excerpt":{"rendered":"<p>Kit com 05 p\u00e7s fibra de l\u00e3 (sint\u00e9tico), tamanhos variados.<\/p>\n","protected":false},"featured_media":240,"comment_status":"open","ping_status":"closed","template":"","meta":[],"product_cat":[39],"product_tag":[],"_links":{"self":[{"href":"https:\/\/intelgiga.com.br\/bcommer\/wp-json\/wp\/v2\/product\/239"}],"collection":[{"href":"https:\/\/intelgiga.com.br\/bcommer\/wp-json\/wp\/v2\/product"}],"about":[{"href":"https:\/\/intelgiga.com.br\/bcommer\/wp-json\/wp\/v2\/types\/product"}],"replies":[{"embeddable":true,"href":"https:\/\/intelgiga.com.br\/bcommer\/wp-json\/wp\/v2\/comments?post=239"}],"wp:featuredmedia":[{"embeddable":true,"href":"https:\/\/intelgiga.com.br\/bcommer\/wp-json\/wp\/v2\/media\/240"}],"wp:attachment":[{"href":"https:\/\/intelgiga.com.br\/bcommer\/wp-json\/wp\/v2\/media?parent=239"}],"wp:term":[{"taxonomy":"product_cat","embeddable":true,"href":"https:\/\/intelgiga.com.br\/bcommer\/wp-json\/wp\/v2\/product_cat?post=239"},{"taxonomy":"product_tag","embeddable":true,"href":"https:\/\/intelgiga.com.br\/bcommer\/wp-json\/wp\/v2\/product_tag?post=239"}],"curies":[{"name":"wp","href":"https:\/\/api.w.org\/{rel}","templated":true}]}}