{"id":360,"date":"2021-03-09T12:18:42","date_gmt":"2021-03-09T15:18:42","guid":{"rendered":"https:\/\/intelgiga.com.br\/bcommer\/?post_type=product&#038;p=360"},"modified":"2021-09-18T01:58:17","modified_gmt":"2021-09-18T04:58:17","slug":"xepa-scrumb-lillo-e-stitch-pelucia-disney","status":"publish","type":"product","link":"https:\/\/intelgiga.com.br\/bcommer\/produto\/xepa-scrumb-lillo-e-stitch-pelucia-disney\/","title":{"rendered":"XEPA \/ Scrumb &#8211; &#8220;Lillo \u00e9 Stitch&#8221; pel\u00facia Disney"},"content":{"rendered":"<p>Scrump Pel\u00facia Lillo &amp; Stitch Disney<br \/>\nAnimators Collection<\/p>\n<p>Med. 22cm X 13cm<br \/>\nProduto Importado<\/p>\n","protected":false},"excerpt":{"rendered":"<p>Scrump Pel\u00facia Lillo &amp; Stitch Disney Animators Collection Med. 22cm X 13cm Produto Importado<\/p>\n","protected":false},"featured_media":361,"comment_status":"open","ping_status":"closed","template":"","meta":[],"product_cat":[46],"product_tag":[],"_links":{"self":[{"href":"https:\/\/intelgiga.com.br\/bcommer\/wp-json\/wp\/v2\/product\/360"}],"collection":[{"href":"https:\/\/intelgiga.com.br\/bcommer\/wp-json\/wp\/v2\/product"}],"about":[{"href":"https:\/\/intelgiga.com.br\/bcommer\/wp-json\/wp\/v2\/types\/product"}],"replies":[{"embeddable":true,"href":"https:\/\/intelgiga.com.br\/bcommer\/wp-json\/wp\/v2\/comments?post=360"}],"wp:featuredmedia":[{"embeddable":true,"href":"https:\/\/intelgiga.com.br\/bcommer\/wp-json\/wp\/v2\/media\/361"}],"wp:attachment":[{"href":"https:\/\/intelgiga.com.br\/bcommer\/wp-json\/wp\/v2\/media?parent=360"}],"wp:term":[{"taxonomy":"product_cat","embeddable":true,"href":"https:\/\/intelgiga.com.br\/bcommer\/wp-json\/wp\/v2\/product_cat?post=360"},{"taxonomy":"product_tag","embeddable":true,"href":"https:\/\/intelgiga.com.br\/bcommer\/wp-json\/wp\/v2\/product_tag?post=360"}],"curies":[{"name":"wp","href":"https:\/\/api.w.org\/{rel}","templated":true}]}}