{"id":417,"date":"2021-03-09T14:06:16","date_gmt":"2021-03-09T17:06:16","guid":{"rendered":"https:\/\/intelgiga.com.br\/bcommer\/?post_type=product&#038;p=417"},"modified":"2021-09-15T23:02:16","modified_gmt":"2021-09-16T02:02:16","slug":"alianca-jedi-em-aco-black","status":"publish","type":"product","link":"https:\/\/intelgiga.com.br\/bcommer\/produto\/alianca-jedi-em-aco-black\/","title":{"rendered":"Alian\u00e7a Jedi em A\u00e7o Black"},"content":{"rendered":"<p>Anel em a\u00e7o na cor preta com simbolo Jedi Star Wars<br \/>\nSOB ENCOMENDA<br \/>\ndo 18 ao 21<\/p>\n","protected":false},"excerpt":{"rendered":"<p>Anel em a\u00e7o na cor preta com simbolo Jedi Star Wars<br \/>\nSOB ENCOMENDA<br \/>\ndo 18 ao 21<\/p>\n","protected":false},"featured_media":418,"comment_status":"open","ping_status":"closed","template":"","meta":[],"product_cat":[49],"product_tag":[],"_links":{"self":[{"href":"https:\/\/intelgiga.com.br\/bcommer\/wp-json\/wp\/v2\/product\/417"}],"collection":[{"href":"https:\/\/intelgiga.com.br\/bcommer\/wp-json\/wp\/v2\/product"}],"about":[{"href":"https:\/\/intelgiga.com.br\/bcommer\/wp-json\/wp\/v2\/types\/product"}],"replies":[{"embeddable":true,"href":"https:\/\/intelgiga.com.br\/bcommer\/wp-json\/wp\/v2\/comments?post=417"}],"wp:featuredmedia":[{"embeddable":true,"href":"https:\/\/intelgiga.com.br\/bcommer\/wp-json\/wp\/v2\/media\/418"}],"wp:attachment":[{"href":"https:\/\/intelgiga.com.br\/bcommer\/wp-json\/wp\/v2\/media?parent=417"}],"wp:term":[{"taxonomy":"product_cat","embeddable":true,"href":"https:\/\/intelgiga.com.br\/bcommer\/wp-json\/wp\/v2\/product_cat?post=417"},{"taxonomy":"product_tag","embeddable":true,"href":"https:\/\/intelgiga.com.br\/bcommer\/wp-json\/wp\/v2\/product_tag?post=417"}],"curies":[{"name":"wp","href":"https:\/\/api.w.org\/{rel}","templated":true}]}}