{"id":105,"date":"2020-10-12T11:57:17","date_gmt":"2020-10-12T14:57:17","guid":{"rendered":"https:\/\/intelgiga.com.br\/bcommerceloja\/?post_type=product&#038;p=105"},"modified":"2021-09-16T00:47:48","modified_gmt":"2021-09-16T03:47:48","slug":"anel-naruto-em-aco","status":"publish","type":"product","link":"https:\/\/intelgiga.com.br\/bcommerceloja\/produto\/anel-naruto-em-aco\/","title":{"rendered":"Anel Naruto em A\u00e7o"},"content":{"rendered":"<p>Anel em a\u00e7o inox! N\u00e3o escurece! N\u00e3o descasca! N\u00e3o enferruja! Pode tomar banho com ele! Antial\u00e9rgico! N\u00e3o perde o brilho.<\/p>\n","protected":false},"excerpt":{"rendered":"<p>Anel em a\u00e7o inox! N\u00e3o escurece! N\u00e3o descasca! N\u00e3o enferruja! Pode tomar banho com ele! Antial\u00e9rgico! N\u00e3o perde o brilho.<\/p>\n","protected":false},"featured_media":106,"comment_status":"open","ping_status":"closed","template":"","meta":{"_themeisle_gutenberg_block_has_review":false},"product_cat":[36],"product_tag":[],"_links":{"self":[{"href":"https:\/\/intelgiga.com.br\/bcommerceloja\/wp-json\/wp\/v3\/product\/105"}],"collection":[{"href":"https:\/\/intelgiga.com.br\/bcommerceloja\/wp-json\/wp\/v3\/product"}],"about":[{"href":"https:\/\/intelgiga.com.br\/bcommerceloja\/wp-json\/wp\/v2\/types\/product"}],"replies":[{"embeddable":true,"href":"https:\/\/intelgiga.com.br\/bcommerceloja\/wp-json\/wp\/v2\/comments?post=105"}],"wp:featuredmedia":[{"embeddable":true,"href":"https:\/\/intelgiga.com.br\/bcommerceloja\/wp-json\/wp\/v2\/media\/106"}],"wp:attachment":[{"href":"https:\/\/intelgiga.com.br\/bcommerceloja\/wp-json\/wp\/v2\/media?parent=105"}],"wp:term":[{"taxonomy":"product_cat","embeddable":true,"href":"https:\/\/intelgiga.com.br\/bcommerceloja\/wp-json\/wp\/v2\/product_cat?post=105"},{"taxonomy":"product_tag","embeddable":true,"href":"https:\/\/intelgiga.com.br\/bcommerceloja\/wp-json\/wp\/v2\/product_tag?post=105"}],"curies":[{"name":"wp","href":"https:\/\/api.w.org\/{rel}","templated":true}]}}