{"id":109,"date":"2020-10-12T12:11:10","date_gmt":"2020-10-12T15:11:10","guid":{"rendered":"https:\/\/intelgiga.com.br\/bcommerceloja\/?post_type=product&#038;p=109"},"modified":"2021-09-16T00:48:13","modified_gmt":"2021-09-16T03:48:13","slug":"anel-naruto-na-cor-prata","status":"publish","type":"product","link":"https:\/\/intelgiga.com.br\/bcommerceloja\/produto\/anel-naruto-na-cor-prata\/","title":{"rendered":"Anel Naruto na Cor Prata"},"content":{"rendered":"<p>Anel em a\u00e7o inox! N\u00e3o escurece! N\u00e3o descasca! N\u00e3o enferruja! Pode tomar banho com ele! Antial\u00e9rgico! N\u00e3o perde o brilho.<\/p>\n","protected":false},"excerpt":{"rendered":"<p>Anel em a\u00e7o inox! N\u00e3o escurece! N\u00e3o descasca! N\u00e3o enferruja! Pode tomar banho com ele! Antial\u00e9rgico! N\u00e3o perde o brilho.<\/p>\n","protected":false},"featured_media":110,"comment_status":"open","ping_status":"closed","template":"","meta":{"_themeisle_gutenberg_block_has_review":false},"product_cat":[36],"product_tag":[],"_links":{"self":[{"href":"https:\/\/intelgiga.com.br\/bcommerceloja\/wp-json\/wp\/v3\/product\/109"}],"collection":[{"href":"https:\/\/intelgiga.com.br\/bcommerceloja\/wp-json\/wp\/v3\/product"}],"about":[{"href":"https:\/\/intelgiga.com.br\/bcommerceloja\/wp-json\/wp\/v2\/types\/product"}],"replies":[{"embeddable":true,"href":"https:\/\/intelgiga.com.br\/bcommerceloja\/wp-json\/wp\/v2\/comments?post=109"}],"wp:featuredmedia":[{"embeddable":true,"href":"https:\/\/intelgiga.com.br\/bcommerceloja\/wp-json\/wp\/v2\/media\/110"}],"wp:attachment":[{"href":"https:\/\/intelgiga.com.br\/bcommerceloja\/wp-json\/wp\/v2\/media?parent=109"}],"wp:term":[{"taxonomy":"product_cat","embeddable":true,"href":"https:\/\/intelgiga.com.br\/bcommerceloja\/wp-json\/wp\/v2\/product_cat?post=109"},{"taxonomy":"product_tag","embeddable":true,"href":"https:\/\/intelgiga.com.br\/bcommerceloja\/wp-json\/wp\/v2\/product_tag?post=109"}],"curies":[{"name":"wp","href":"https:\/\/api.w.org\/{rel}","templated":true}]}}