{"id":169,"date":"2020-10-19T09:26:49","date_gmt":"2020-10-19T12:26:49","guid":{"rendered":"https:\/\/intelgiga.com.br\/bcommerceloja\/?post_type=product&#038;p=169"},"modified":"2020-10-19T09:33:46","modified_gmt":"2020-10-19T12:33:46","slug":"colar-relogio-alice-no-pais-das-maravilhas","status":"publish","type":"product","link":"https:\/\/intelgiga.com.br\/bcommerceloja\/produto\/colar-relogio-alice-no-pais-das-maravilhas\/","title":{"rendered":"Colar Rel\u00f3gio &#8211; Alice No Pa\u00eds das Maravilhas"},"content":{"rendered":"<p>Rel\u00f3gio de bolso ou pesco\u00e7o em ouro velho\\metal \\ 4,7cm \\ corrente aprox. 80cm<\/p>\n","protected":false},"excerpt":{"rendered":"<p>Rel\u00f3gio de bolso ou pesco\u00e7o em ouro velho\\metal \\ 4,7cm \\ corrente aprox. 80cm<\/p>\n","protected":false},"featured_media":170,"comment_status":"open","ping_status":"closed","template":"","meta":{"_themeisle_gutenberg_block_has_review":false},"product_cat":[37],"product_tag":[],"_links":{"self":[{"href":"https:\/\/intelgiga.com.br\/bcommerceloja\/wp-json\/wp\/v3\/product\/169"}],"collection":[{"href":"https:\/\/intelgiga.com.br\/bcommerceloja\/wp-json\/wp\/v3\/product"}],"about":[{"href":"https:\/\/intelgiga.com.br\/bcommerceloja\/wp-json\/wp\/v2\/types\/product"}],"replies":[{"embeddable":true,"href":"https:\/\/intelgiga.com.br\/bcommerceloja\/wp-json\/wp\/v2\/comments?post=169"}],"wp:featuredmedia":[{"embeddable":true,"href":"https:\/\/intelgiga.com.br\/bcommerceloja\/wp-json\/wp\/v2\/media\/170"}],"wp:attachment":[{"href":"https:\/\/intelgiga.com.br\/bcommerceloja\/wp-json\/wp\/v2\/media?parent=169"}],"wp:term":[{"taxonomy":"product_cat","embeddable":true,"href":"https:\/\/intelgiga.com.br\/bcommerceloja\/wp-json\/wp\/v2\/product_cat?post=169"},{"taxonomy":"product_tag","embeddable":true,"href":"https:\/\/intelgiga.com.br\/bcommerceloja\/wp-json\/wp\/v2\/product_tag?post=169"}],"curies":[{"name":"wp","href":"https:\/\/api.w.org\/{rel}","templated":true}]}}