{"id":179,"date":"2020-10-19T10:33:29","date_gmt":"2020-10-19T13:33:29","guid":{"rendered":"https:\/\/intelgiga.com.br\/bcommerceloja\/?post_type=product&#038;p=179"},"modified":"2021-09-16T00:13:55","modified_gmt":"2021-09-16T03:13:55","slug":"the-lord-of-the-ring-precius-o-senhor-dos-aneis-em-aco","status":"publish","type":"product","link":"https:\/\/intelgiga.com.br\/bcommerceloja\/produto\/the-lord-of-the-ring-precius-o-senhor-dos-aneis-em-aco\/","title":{"rendered":"The Lord Of the Ring Precius &#8211; O Senhor dos An\u00e9is em A\u00e7o"},"content":{"rendered":"<p>Em a\u00e7o nas cores dourado, prata e preto.<\/p>\n","protected":false},"excerpt":{"rendered":"<p>Em a\u00e7o nas cores dourado, prata e preto.<\/p>\n","protected":false},"featured_media":186,"comment_status":"open","ping_status":"closed","template":"","meta":{"_themeisle_gutenberg_block_has_review":false},"product_cat":[36],"product_tag":[],"_links":{"self":[{"href":"https:\/\/intelgiga.com.br\/bcommerceloja\/wp-json\/wp\/v3\/product\/179"}],"collection":[{"href":"https:\/\/intelgiga.com.br\/bcommerceloja\/wp-json\/wp\/v3\/product"}],"about":[{"href":"https:\/\/intelgiga.com.br\/bcommerceloja\/wp-json\/wp\/v2\/types\/product"}],"replies":[{"embeddable":true,"href":"https:\/\/intelgiga.com.br\/bcommerceloja\/wp-json\/wp\/v2\/comments?post=179"}],"wp:featuredmedia":[{"embeddable":true,"href":"https:\/\/intelgiga.com.br\/bcommerceloja\/wp-json\/wp\/v2\/media\/186"}],"wp:attachment":[{"href":"https:\/\/intelgiga.com.br\/bcommerceloja\/wp-json\/wp\/v2\/media?parent=179"}],"wp:term":[{"taxonomy":"product_cat","embeddable":true,"href":"https:\/\/intelgiga.com.br\/bcommerceloja\/wp-json\/wp\/v2\/product_cat?post=179"},{"taxonomy":"product_tag","embeddable":true,"href":"https:\/\/intelgiga.com.br\/bcommerceloja\/wp-json\/wp\/v2\/product_tag?post=179"}],"curies":[{"name":"wp","href":"https:\/\/api.w.org\/{rel}","templated":true}]}}