{"id":212,"date":"2020-10-19T12:02:15","date_gmt":"2020-10-19T15:02:15","guid":{"rendered":"https:\/\/intelgiga.com.br\/bcommerceloja\/?post_type=product&#038;p=212"},"modified":"2022-12-10T00:07:58","modified_gmt":"2022-12-10T03:07:58","slug":"bolsa-star-wars-the-last-jedi","status":"publish","type":"product","link":"https:\/\/intelgiga.com.br\/bcommerceloja\/produto\/bolsa-star-wars-the-last-jedi\/","title":{"rendered":"Bolsa Star Wars The Last Jedi"},"content":{"rendered":"<p>Em couro sint\u00e9tico, no formato carteira compartimento para cart\u00f5es e z\u00edper interno, al\u00e7a remov\u00edvel 117cm<\/p>\n","protected":false},"excerpt":{"rendered":"<p>Em couro sint\u00e9tico, no formato carteira compartimento para cart\u00f5es e z\u00edper interno, al\u00e7a remov\u00edvel 117cm<\/p>\n","protected":false},"featured_media":213,"comment_status":"open","ping_status":"closed","template":"","meta":{"_themeisle_gutenberg_block_has_review":false},"product_cat":[40],"product_tag":[],"_links":{"self":[{"href":"https:\/\/intelgiga.com.br\/bcommerceloja\/wp-json\/wp\/v3\/product\/212"}],"collection":[{"href":"https:\/\/intelgiga.com.br\/bcommerceloja\/wp-json\/wp\/v3\/product"}],"about":[{"href":"https:\/\/intelgiga.com.br\/bcommerceloja\/wp-json\/wp\/v2\/types\/product"}],"replies":[{"embeddable":true,"href":"https:\/\/intelgiga.com.br\/bcommerceloja\/wp-json\/wp\/v2\/comments?post=212"}],"wp:featuredmedia":[{"embeddable":true,"href":"https:\/\/intelgiga.com.br\/bcommerceloja\/wp-json\/wp\/v2\/media\/213"}],"wp:attachment":[{"href":"https:\/\/intelgiga.com.br\/bcommerceloja\/wp-json\/wp\/v2\/media?parent=212"}],"wp:term":[{"taxonomy":"product_cat","embeddable":true,"href":"https:\/\/intelgiga.com.br\/bcommerceloja\/wp-json\/wp\/v2\/product_cat?post=212"},{"taxonomy":"product_tag","embeddable":true,"href":"https:\/\/intelgiga.com.br\/bcommerceloja\/wp-json\/wp\/v2\/product_tag?post=212"}],"curies":[{"name":"wp","href":"https:\/\/api.w.org\/{rel}","templated":true}]}}