{"id":593,"date":"2021-06-03T14:10:15","date_gmt":"2021-06-03T17:10:15","guid":{"rendered":"https:\/\/intelgiga.com.br\/bcommerceloja\/?post_type=product&#038;p=593"},"modified":"2022-12-09T23:45:26","modified_gmt":"2022-12-10T02:45:26","slug":"funko-pop-malevola-trono-disney-villains-deluxe-784","status":"publish","type":"product","link":"https:\/\/intelgiga.com.br\/bcommerceloja\/produto\/funko-pop-malevola-trono-disney-villains-deluxe-784\/","title":{"rendered":"Funko Pop Malevola Trono, Disney Villains Deluxe 784"},"content":{"rendered":"<p>Funko Pop Malevol\u00e1 no Trono<br \/>\nDisney Vilains.<\/p>\n<p>Material: Vinil<br \/>\nTamanho: 14cm<br \/>\nFabricante: Funko<br \/>\nN\u00e3o possui articula\u00e7\u00e3o<\/p>\n<p>Aceitamos encomendas<\/p>\n","protected":false},"excerpt":{"rendered":"<p>Funko Pop Disney Villains.<br \/>\nCaracter\u00edsticas do Produto.<br \/>\nMaterial em\u00a0 PVC\/Pl\u00e1stico (Vinil).<br \/>\nConte\u00fado\u00a0 : Um personagem colecion\u00e1vel Disney<\/p>\n","protected":false},"featured_media":594,"comment_status":"open","ping_status":"closed","template":"","meta":{"_themeisle_gutenberg_block_has_review":false},"product_cat":[50],"product_tag":[],"_links":{"self":[{"href":"https:\/\/intelgiga.com.br\/bcommerceloja\/wp-json\/wp\/v3\/product\/593"}],"collection":[{"href":"https:\/\/intelgiga.com.br\/bcommerceloja\/wp-json\/wp\/v3\/product"}],"about":[{"href":"https:\/\/intelgiga.com.br\/bcommerceloja\/wp-json\/wp\/v2\/types\/product"}],"replies":[{"embeddable":true,"href":"https:\/\/intelgiga.com.br\/bcommerceloja\/wp-json\/wp\/v2\/comments?post=593"}],"wp:featuredmedia":[{"embeddable":true,"href":"https:\/\/intelgiga.com.br\/bcommerceloja\/wp-json\/wp\/v2\/media\/594"}],"wp:attachment":[{"href":"https:\/\/intelgiga.com.br\/bcommerceloja\/wp-json\/wp\/v2\/media?parent=593"}],"wp:term":[{"taxonomy":"product_cat","embeddable":true,"href":"https:\/\/intelgiga.com.br\/bcommerceloja\/wp-json\/wp\/v2\/product_cat?post=593"},{"taxonomy":"product_tag","embeddable":true,"href":"https:\/\/intelgiga.com.br\/bcommerceloja\/wp-json\/wp\/v2\/product_tag?post=593"}],"curies":[{"name":"wp","href":"https:\/\/api.w.org\/{rel}","templated":true}]}}