{"id":595,"date":"2021-06-03T14:12:26","date_gmt":"2021-06-03T17:12:26","guid":{"rendered":"https:\/\/intelgiga.com.br\/bcommerceloja\/?post_type=product&#038;p=595"},"modified":"2022-12-09T23:44:49","modified_gmt":"2022-12-10T02:44:49","slug":"copo-pomo-ouro-harry-potter","status":"publish","type":"product","link":"https:\/\/intelgiga.com.br\/bcommerceloja\/produto\/copo-pomo-ouro-harry-potter\/","title":{"rendered":"Copo pomo Ouro Harry Potter"},"content":{"rendered":"<p>Copo\u00a0 Pomo Ouro\u00a0 Harry Potter\u00a0 350ml<br \/>\nMarca Ludi<br \/>\nIdade m\u00ednima recomendada: 3 anos,<br \/>\nMaterial: \/Pl\u00e1stico e A\u00e7o Inoxidavel.<br \/>\nMedidas 8,0cm (diametro boca copo) X 6,5cm (diametro fundo copo) X\u00a0 3,5cm\u00a0 (com tampa)<br \/>\nPeso +- 190gramas?\/<\/p>\n","protected":false},"excerpt":{"rendered":"<p>Copo Pomo Ouro Harry Potter<br \/>\nMaterial: PVC\/Pl\u00e1stico Material: Pl\u00e1stico e A\u00e7o Inoxidavel.<\/p>\n","protected":false},"featured_media":596,"comment_status":"open","ping_status":"closed","template":"","meta":{"_themeisle_gutenberg_block_has_review":false},"product_cat":[21,45],"product_tag":[],"_links":{"self":[{"href":"https:\/\/intelgiga.com.br\/bcommerceloja\/wp-json\/wp\/v3\/product\/595"}],"collection":[{"href":"https:\/\/intelgiga.com.br\/bcommerceloja\/wp-json\/wp\/v3\/product"}],"about":[{"href":"https:\/\/intelgiga.com.br\/bcommerceloja\/wp-json\/wp\/v2\/types\/product"}],"replies":[{"embeddable":true,"href":"https:\/\/intelgiga.com.br\/bcommerceloja\/wp-json\/wp\/v2\/comments?post=595"}],"wp:featuredmedia":[{"embeddable":true,"href":"https:\/\/intelgiga.com.br\/bcommerceloja\/wp-json\/wp\/v2\/media\/596"}],"wp:attachment":[{"href":"https:\/\/intelgiga.com.br\/bcommerceloja\/wp-json\/wp\/v2\/media?parent=595"}],"wp:term":[{"taxonomy":"product_cat","embeddable":true,"href":"https:\/\/intelgiga.com.br\/bcommerceloja\/wp-json\/wp\/v2\/product_cat?post=595"},{"taxonomy":"product_tag","embeddable":true,"href":"https:\/\/intelgiga.com.br\/bcommerceloja\/wp-json\/wp\/v2\/product_tag?post=595"}],"curies":[{"name":"wp","href":"https:\/\/api.w.org\/{rel}","templated":true}]}}