{"id":766,"date":"2022-12-09T23:03:47","date_gmt":"2022-12-10T02:03:47","guid":{"rendered":"https:\/\/intelgiga.com.br\/bcommerceloja\/?post_type=product&#038;p=766"},"modified":"2022-12-09T23:43:22","modified_gmt":"2022-12-10T02:43:22","slug":"caneca-3d-chapeu-seletor-harry-potter-350ml","status":"publish","type":"product","link":"https:\/\/intelgiga.com.br\/bcommerceloja\/produto\/caneca-3d-chapeu-seletor-harry-potter-350ml\/","title":{"rendered":"Caneca 3D Chap\u00e9u Seletor &#8211; Harry Potter 350ml"},"content":{"rendered":"<p>Caneca 3D Chap\u00e9u Seletor \u2013 Harry Potter voc\u00ea sempre quis saber a qual casa pertencia?<br \/>\nDo refrigerante ou do suco, da cerveja amanteigada ou do chopp?<br \/>\nA gente te ajuda!<br \/>\nCom essa caneca voc\u00ea descobre de qual casa voc\u00ea \u00e9 da turma dos hidratados! A caneca \u00e9 produzida em territ\u00f3rio nacional, feita em porcelana, possui detalhes incr\u00edveis que v\u00e3o deixar voc\u00ea apaixonado!<\/p>\n<p>Com 350ml de capacidade Especifica\u00e7\u00f5es: Altura: 16cm| Largura: 13cm| Comprimento: 7cm| Capacidade: 350ml| Material: Porcelana<br \/>\n\u200e16 x 11 x 8 cm; 400 g<\/p>\n","protected":false},"excerpt":{"rendered":"<p>Caneca 3D Chap\u00e9u Seletor \u2013 Harry Potter voc\u00ea sempre quis saber a qual casa pertencia?<br \/>\nDo refrigerante ou do suco, da cerveja amanteigada ou do chopp?<br \/>\nA gente te ajuda!<br \/>\nCom essa caneca voc\u00ea descobre de qual casa voc\u00ea \u00e9 da turma dos hidratados! A caneca \u00e9 produzida em territ\u00f3rio nacional, feita em porcelana, possui detalhes incr\u00edveis que v\u00e3o deixar voc\u00ea apaixonado!<\/p>\n<p>Com 350ml de capacidade Especifica\u00e7\u00f5es: Altura: 16cm| Largura: 13cm| Comprimento: 7cm| Capacidade: 350ml| Material: Porcelana<br \/>\n\u200e16 x 11 x 8 cm; 400 g<\/p>\n","protected":false},"featured_media":761,"comment_status":"open","ping_status":"closed","template":"","meta":{"_themeisle_gutenberg_block_has_review":false},"product_cat":[21],"product_tag":[],"_links":{"self":[{"href":"https:\/\/intelgiga.com.br\/bcommerceloja\/wp-json\/wp\/v3\/product\/766"}],"collection":[{"href":"https:\/\/intelgiga.com.br\/bcommerceloja\/wp-json\/wp\/v3\/product"}],"about":[{"href":"https:\/\/intelgiga.com.br\/bcommerceloja\/wp-json\/wp\/v2\/types\/product"}],"replies":[{"embeddable":true,"href":"https:\/\/intelgiga.com.br\/bcommerceloja\/wp-json\/wp\/v2\/comments?post=766"}],"wp:featuredmedia":[{"embeddable":true,"href":"https:\/\/intelgiga.com.br\/bcommerceloja\/wp-json\/wp\/v2\/media\/761"}],"wp:attachment":[{"href":"https:\/\/intelgiga.com.br\/bcommerceloja\/wp-json\/wp\/v2\/media?parent=766"}],"wp:term":[{"taxonomy":"product_cat","embeddable":true,"href":"https:\/\/intelgiga.com.br\/bcommerceloja\/wp-json\/wp\/v2\/product_cat?post=766"},{"taxonomy":"product_tag","embeddable":true,"href":"https:\/\/intelgiga.com.br\/bcommerceloja\/wp-json\/wp\/v2\/product_tag?post=766"}],"curies":[{"name":"wp","href":"https:\/\/api.w.org\/{rel}","templated":true}]}}