{"id":769,"date":"2022-12-09T23:22:57","date_gmt":"2022-12-10T02:22:57","guid":{"rendered":"https:\/\/intelgiga.com.br\/bcommerceloja\/?post_type=product&#038;p=769"},"modified":"2024-07-10T22:49:48","modified_gmt":"2024-07-11T01:49:48","slug":"funko-pop-stranger-things-skateboard-max-551","status":"publish","type":"product","link":"https:\/\/intelgiga.com.br\/bcommerceloja\/produto\/funko-pop-stranger-things-skateboard-max-551\/","title":{"rendered":"Funko Pop! Stranger Things Skateboard Max 551"},"content":{"rendered":"<h1 class=\"product-title__Title-sc-1hlrxcw-0 jyetLr\">Funko Pop! Stranger Things Skateboard Max 551<\/h1>\n<p>Colecion\u00e1vel Funko Pop<\/p>\n<p>&#8211; Ideal para presentear ou colecionar. &#8211; Figura colecion\u00e1vel com 10 cm de altura. &#8211; Fabricado em vinil de alta qualidade. &#8211;<br \/>\nFabricante: Funko. &#8211;<br \/>\nN\u00e3o Possui Articula\u00e7\u00e3o.<br \/>\nNa caixa<br \/>\nNovo<\/p>\n<p>este produto \u00e9 recomendado para maiores de 15 anos, n\u00e3o \u00e9 um brinquedo.<\/p>\n","protected":false},"excerpt":{"rendered":"<p>Funko Pop! Stranger Things Skateboard Max 551 Colecion\u00e1vel Funko Pop &#8211; Ideal para presentear ou colecionar. &#8211; Figura colecion\u00e1vel com 10 cm de altura. &#8211; Fabricado em vinil de alta qualidade. &#8211; Fabricante: Funko. &#8211; N\u00e3o Possui Articula\u00e7\u00e3o. Na caixa Novo este produto \u00e9 recomendado para maiores de 15 anos, n\u00e3o \u00e9 um brinquedo.<\/p>\n","protected":false},"featured_media":730,"comment_status":"open","ping_status":"closed","template":"","meta":{"_themeisle_gutenberg_block_has_review":false},"product_cat":[21],"product_tag":[],"_links":{"self":[{"href":"https:\/\/intelgiga.com.br\/bcommerceloja\/wp-json\/wp\/v3\/product\/769"}],"collection":[{"href":"https:\/\/intelgiga.com.br\/bcommerceloja\/wp-json\/wp\/v3\/product"}],"about":[{"href":"https:\/\/intelgiga.com.br\/bcommerceloja\/wp-json\/wp\/v2\/types\/product"}],"replies":[{"embeddable":true,"href":"https:\/\/intelgiga.com.br\/bcommerceloja\/wp-json\/wp\/v2\/comments?post=769"}],"wp:featuredmedia":[{"embeddable":true,"href":"https:\/\/intelgiga.com.br\/bcommerceloja\/wp-json\/wp\/v2\/media\/730"}],"wp:attachment":[{"href":"https:\/\/intelgiga.com.br\/bcommerceloja\/wp-json\/wp\/v2\/media?parent=769"}],"wp:term":[{"taxonomy":"product_cat","embeddable":true,"href":"https:\/\/intelgiga.com.br\/bcommerceloja\/wp-json\/wp\/v2\/product_cat?post=769"},{"taxonomy":"product_tag","embeddable":true,"href":"https:\/\/intelgiga.com.br\/bcommerceloja\/wp-json\/wp\/v2\/product_tag?post=769"}],"curies":[{"name":"wp","href":"https:\/\/api.w.org\/{rel}","templated":true}]}}