{"id":79,"date":"2020-10-12T10:14:30","date_gmt":"2020-10-12T13:14:30","guid":{"rendered":"https:\/\/intelgiga.com.br\/bcommerceloja\/?post_type=product&#038;p=79"},"modified":"2022-12-10T00:01:07","modified_gmt":"2022-12-10T03:01:07","slug":"anel-em-metal-alien","status":"publish","type":"product","link":"https:\/\/intelgiga.com.br\/bcommerceloja\/produto\/anel-em-metal-alien\/","title":{"rendered":"Anel   &#8220;Alien&#8221;"},"content":{"rendered":"<p>Anel em a\u00e7o\u00a0 Alien<br \/>\nNumera\u00e7\u00f5es<\/p>\n","protected":false},"excerpt":{"rendered":"<p>Anel em metal! N\u00e3o escurece! N\u00e3o descasca! N\u00e3o enferruja! Pode tomar banho com ele! Antial\u00e9rgico! N\u00e3o perde o brilho.<\/p>\n","protected":false},"featured_media":80,"comment_status":"open","ping_status":"closed","template":"","meta":{"_themeisle_gutenberg_block_has_review":false},"product_cat":[36],"product_tag":[],"_links":{"self":[{"href":"https:\/\/intelgiga.com.br\/bcommerceloja\/wp-json\/wp\/v3\/product\/79"}],"collection":[{"href":"https:\/\/intelgiga.com.br\/bcommerceloja\/wp-json\/wp\/v3\/product"}],"about":[{"href":"https:\/\/intelgiga.com.br\/bcommerceloja\/wp-json\/wp\/v2\/types\/product"}],"replies":[{"embeddable":true,"href":"https:\/\/intelgiga.com.br\/bcommerceloja\/wp-json\/wp\/v2\/comments?post=79"}],"wp:featuredmedia":[{"embeddable":true,"href":"https:\/\/intelgiga.com.br\/bcommerceloja\/wp-json\/wp\/v2\/media\/80"}],"wp:attachment":[{"href":"https:\/\/intelgiga.com.br\/bcommerceloja\/wp-json\/wp\/v2\/media?parent=79"}],"wp:term":[{"taxonomy":"product_cat","embeddable":true,"href":"https:\/\/intelgiga.com.br\/bcommerceloja\/wp-json\/wp\/v2\/product_cat?post=79"},{"taxonomy":"product_tag","embeddable":true,"href":"https:\/\/intelgiga.com.br\/bcommerceloja\/wp-json\/wp\/v2\/product_tag?post=79"}],"curies":[{"name":"wp","href":"https:\/\/api.w.org\/{rel}","templated":true}]}}