{"id":89,"date":"2020-10-12T10:57:24","date_gmt":"2020-10-12T13:57:24","guid":{"rendered":"https:\/\/intelgiga.com.br\/bcommerceloja\/?post_type=product&#038;p=89"},"modified":"2022-12-10T00:02:21","modified_gmt":"2022-12-10T03:02:21","slug":"anel-em-aco-inoxidavel-dourado","status":"publish","type":"product","link":"https:\/\/intelgiga.com.br\/bcommerceloja\/produto\/anel-em-aco-inoxidavel-dourado\/","title":{"rendered":"Anel em A\u00e7o Inoxid\u00e1vel Dourado"},"content":{"rendered":"<p>Anel em a\u00e7o inox dourado! N\u00e3o escurece! N\u00e3o descasca! N\u00e3o enferruja! Pode tomar banho com ele! Antial\u00e9rgico! N\u00e3o perde o brilho.<\/p>\n","protected":false},"excerpt":{"rendered":"<p>Anel em a\u00e7o inox dourado! N\u00e3o escurece! N\u00e3o descasca! N\u00e3o enferruja! Pode tomar banho com ele! Antial\u00e9rgico! N\u00e3o perde o brilho.<\/p>\n","protected":false},"featured_media":90,"comment_status":"open","ping_status":"closed","template":"","meta":{"_themeisle_gutenberg_block_has_review":false},"product_cat":[36],"product_tag":[],"_links":{"self":[{"href":"https:\/\/intelgiga.com.br\/bcommerceloja\/wp-json\/wp\/v3\/product\/89"}],"collection":[{"href":"https:\/\/intelgiga.com.br\/bcommerceloja\/wp-json\/wp\/v3\/product"}],"about":[{"href":"https:\/\/intelgiga.com.br\/bcommerceloja\/wp-json\/wp\/v2\/types\/product"}],"replies":[{"embeddable":true,"href":"https:\/\/intelgiga.com.br\/bcommerceloja\/wp-json\/wp\/v2\/comments?post=89"}],"wp:featuredmedia":[{"embeddable":true,"href":"https:\/\/intelgiga.com.br\/bcommerceloja\/wp-json\/wp\/v2\/media\/90"}],"wp:attachment":[{"href":"https:\/\/intelgiga.com.br\/bcommerceloja\/wp-json\/wp\/v2\/media?parent=89"}],"wp:term":[{"taxonomy":"product_cat","embeddable":true,"href":"https:\/\/intelgiga.com.br\/bcommerceloja\/wp-json\/wp\/v2\/product_cat?post=89"},{"taxonomy":"product_tag","embeddable":true,"href":"https:\/\/intelgiga.com.br\/bcommerceloja\/wp-json\/wp\/v2\/product_tag?post=89"}],"curies":[{"name":"wp","href":"https:\/\/api.w.org\/{rel}","templated":true}]}}