{"id":99,"date":"2020-10-12T11:43:52","date_gmt":"2020-10-12T14:43:52","guid":{"rendered":"https:\/\/intelgiga.com.br\/bcommerceloja\/?post_type=product&#038;p=99"},"modified":"2021-09-18T03:12:57","modified_gmt":"2021-09-18T06:12:57","slug":"anel-aco-inoxidavel","status":"publish","type":"product","link":"https:\/\/intelgiga.com.br\/bcommerceloja\/produto\/anel-aco-inoxidavel\/","title":{"rendered":"Anel Flash"},"content":{"rendered":"<p>Anel em a\u00e7o inox<br \/>\nCor prata com detalhe\u00a0 dourado(raio) e vermelho<br \/>\nTamanho 19<br \/>\nOutras numera\u00e7\u00f5es por encomenda<\/p>\n","protected":false},"excerpt":{"rendered":"<p>Anel em a\u00e7o inox! N\u00e3o escurece! N\u00e3o descasca! N\u00e3o enferruja! Pode tomar banho com ele! Antial\u00e9rgico! N\u00e3o perde o brilho.<\/p>\n","protected":false},"featured_media":101,"comment_status":"open","ping_status":"closed","template":"","meta":{"_themeisle_gutenberg_block_has_review":false},"product_cat":[36],"product_tag":[],"_links":{"self":[{"href":"https:\/\/intelgiga.com.br\/bcommerceloja\/wp-json\/wp\/v3\/product\/99"}],"collection":[{"href":"https:\/\/intelgiga.com.br\/bcommerceloja\/wp-json\/wp\/v3\/product"}],"about":[{"href":"https:\/\/intelgiga.com.br\/bcommerceloja\/wp-json\/wp\/v2\/types\/product"}],"replies":[{"embeddable":true,"href":"https:\/\/intelgiga.com.br\/bcommerceloja\/wp-json\/wp\/v2\/comments?post=99"}],"wp:featuredmedia":[{"embeddable":true,"href":"https:\/\/intelgiga.com.br\/bcommerceloja\/wp-json\/wp\/v2\/media\/101"}],"wp:attachment":[{"href":"https:\/\/intelgiga.com.br\/bcommerceloja\/wp-json\/wp\/v2\/media?parent=99"}],"wp:term":[{"taxonomy":"product_cat","embeddable":true,"href":"https:\/\/intelgiga.com.br\/bcommerceloja\/wp-json\/wp\/v2\/product_cat?post=99"},{"taxonomy":"product_tag","embeddable":true,"href":"https:\/\/intelgiga.com.br\/bcommerceloja\/wp-json\/wp\/v2\/product_tag?post=99"}],"curies":[{"name":"wp","href":"https:\/\/api.w.org\/{rel}","templated":true}]}}