{"id":751,"date":"2021-10-14T11:02:59","date_gmt":"2021-10-14T14:02:59","guid":{"rendered":"https:\/\/intelgiga.com.br\/intellpro\/?page_id=751"},"modified":"2022-05-18T16:24:16","modified_gmt":"2022-05-18T19:24:16","slug":"sobre","status":"publish","type":"page","link":"https:\/\/intelgiga.com.br\/intellpro\/sobre\/","title":{"rendered":"Sobre"},"content":{"rendered":"\t\t<div data-elementor-type=\"wp-page\" data-elementor-id=\"751\" class=\"elementor elementor-751\">\n\t\t\t\t\t\t<section class=\"elementor-section elementor-top-section elementor-element elementor-element-4c35b415 elementor-section-boxed elementor-section-height-default elementor-section-height-default\" data-id=\"4c35b415\" data-element_type=\"section\">\n\t\t\t\t\t\t<div class=\"elementor-container elementor-column-gap-default\">\n\t\t\t\t\t<div class=\"elementor-column elementor-col-100 elementor-top-column elementor-element elementor-element-7fdba6fc\" data-id=\"7fdba6fc\" data-element_type=\"column\">\n\t\t\t<div class=\"elementor-widget-wrap elementor-element-populated\">\n\t\t\t\t\t\t<div class=\"elementor-element elementor-element-6b77528c elementor-widget elementor-widget-text-editor\" data-id=\"6b77528c\" data-element_type=\"widget\" data-widget_type=\"text-editor.default\">\n\t\t\t\t<div class=\"elementor-widget-container\">\n\t\t\t\t\t\t\t<!-- wp:themeisle-blocks\/advanced-columns {\"id\":\"wp-block-themeisle-blocks-advanced-columns-073c4f53\"} -->\n<div class=\"wp-block-themeisle-blocks-advanced-columns has-undefined-columns has-desktop-undefined-layout has-tablet-equal-layout has-mobile-equal-layout has-default-gap has-vertical-unset\" id=\"wp-block-themeisle-blocks-advanced-columns-073c4f53\" style=\"border-width:0px;border-style:solid;border-color:#000000;border-radius:0px;justify-content:unset\"><div class=\"wp-themeisle-block-overlay\" style=\"opacity:0.5;mix-blend-mode:normal\"><\/div><div class=\"innerblocks-wrap\"><\/div><\/div>\n<!-- \/wp:themeisle-blocks\/advanced-columns -->\t\t\t\t\t\t<\/div>\n\t\t\t\t<\/div>\n\t\t\t\t\t<\/div>\n\t\t<\/div>\n\t\t\t\t\t<\/div>\n\t\t<\/section>\n\t\t\t\t<section class=\"elementor-section elementor-top-section elementor-element elementor-element-00f71a6 elementor-section-boxed elementor-section-height-default elementor-section-height-default\" data-id=\"00f71a6\" data-element_type=\"section\">\n\t\t\t\t\t\t<div class=\"elementor-container elementor-column-gap-default\">\n\t\t\t\t\t<div class=\"elementor-column elementor-col-100 elementor-top-column elementor-element elementor-element-8fc685d\" data-id=\"8fc685d\" data-element_type=\"column\">\n\t\t\t<div class=\"elementor-widget-wrap elementor-element-populated\">\n\t\t\t\t\t\t<div class=\"elementor-element elementor-element-0b8be50 elementor-widget elementor-widget-spacer\" data-id=\"0b8be50\" data-element_type=\"widget\" data-widget_type=\"spacer.default\">\n\t\t\t\t<div class=\"elementor-widget-container\">\n\t\t\t\t\t<div class=\"elementor-spacer\">\n\t\t\t<div class=\"elementor-spacer-inner\"><\/div>\n\t\t<\/div>\n\t\t\t\t<\/div>\n\t\t\t\t<\/div>\n\t\t\t\t<div class=\"elementor-element elementor-element-7942cf8 elementor-widget elementor-widget-spacer\" data-id=\"7942cf8\" data-element_type=\"widget\" data-widget_type=\"spacer.default\">\n\t\t\t\t<div class=\"elementor-widget-container\">\n\t\t\t\t\t<div class=\"elementor-spacer\">\n\t\t\t<div class=\"elementor-spacer-inner\"><\/div>\n\t\t<\/div>\n\t\t\t\t<\/div>\n\t\t\t\t<\/div>\n\t\t\t\t\t<\/div>\n\t\t<\/div>\n\t\t\t\t\t<\/div>\n\t\t<\/section>\n\t\t\t\t<section class=\"elementor-section elementor-top-section elementor-element elementor-element-6508a9c elementor-section-boxed elementor-section-height-default elementor-section-height-default\" data-id=\"6508a9c\" data-element_type=\"section\">\n\t\t\t\t\t\t<div class=\"elementor-container elementor-column-gap-default\">\n\t\t\t\t\t<div class=\"elementor-column elementor-col-100 elementor-top-column elementor-element elementor-element-46f27c5\" data-id=\"46f27c5\" data-element_type=\"column\">\n\t\t\t<div class=\"elementor-widget-wrap elementor-element-populated\">\n\t\t\t\t\t\t<div class=\"elementor-element elementor-element-751018a elementor-widget elementor-widget-heading\" data-id=\"751018a\" data-element_type=\"widget\" data-widget_type=\"heading.default\">\n\t\t\t\t<div class=\"elementor-widget-container\">\n\t\t\t<h2 class=\"elementor-heading-title elementor-size-default\">Intellpro<\/h2>\t\t<\/div>\n\t\t\t\t<\/div>\n\t\t\t\t\t<\/div>\n\t\t<\/div>\n\t\t\t\t\t<\/div>\n\t\t<\/section>\n\t\t\t\t<section class=\"elementor-section elementor-top-section elementor-element elementor-element-907ee14 elementor-section-boxed elementor-section-height-default elementor-section-height-default\" data-id=\"907ee14\" data-element_type=\"section\">\n\t\t\t\t\t\t<div class=\"elementor-container elementor-column-gap-default\">\n\t\t\t\t\t<div class=\"elementor-column elementor-col-100 elementor-top-column elementor-element elementor-element-399dc9b\" data-id=\"399dc9b\" data-element_type=\"column\">\n\t\t\t<div class=\"elementor-widget-wrap elementor-element-populated\">\n\t\t\t\t\t\t<div class=\"elementor-element elementor-element-59359be elementor-widget elementor-widget-text-editor\" data-id=\"59359be\" data-element_type=\"widget\" data-widget_type=\"text-editor.default\">\n\t\t\t\t<div class=\"elementor-widget-container\">\n\t\t\t\t\t\t\t<p style=\"margin-top: 30px; margin-bottom: -20px; font-size: 16px; line-height: 28px; color: rgb(102, 102, 111); font-family: &quot;Open Sans&quot;, sans-serif;\">IntellPro \u00e9 uma empresa dedicada \u00e0 Pesquisa &amp; Desenvolvimento de Produtos, Servi\u00e7os e Conceitos que contribuam positivamente na vida do Indiv\u00edduo, Empresa e Comunidade, incentivando o uso de Tecnologia em busca das melhores Solu\u00e7\u00f5es para os Desafios da Vida Moderna!<\/p><p style=\"margin-top: 30px; margin-bottom: -20px; font-size: 16px; line-height: 28px; color: rgb(102, 102, 111); font-family: &quot;Open Sans&quot;, sans-serif;\">IntellPro oferece Produtos e Servi\u00e7os sempre inovadores, como a Bomba M\u00e1gica MagiFlux \u2013 \u201cUma solu\u00e7\u00e3o pr\u00e1tica e ecologicamente adequada no manuseio de Combust\u00edveis e ideal para o abastecimento de Arla\/ (Blue Air\/ AdBlue) nos modernos Ve\u00edculos movidos a Diesel\u201d, ou o Suporte Universal para Smartphones I-UP \u2013 \u201cUma resposta criativa e ergon\u00f4mica para organizar o Home Office e atender \u00e0 nova demanda de V\u00eddeo Confer\u00eancias\u201d e ainda a Plataforma Digital Corporativa Gomovvn \u2013 \u201cUma proposta inteligente e democr\u00e1tica de promover Integra\u00e7\u00e3o, Bem Estar e Sa\u00fade atrav\u00e9s da gamifica\u00e7\u00e3o da Atividade F\u00edsica no ambiente P\u00fablico, Corporativo, em Condom\u00ednios, Clubes e Universidades\u201d.<\/p><p style=\"margin-top: 30px; margin-bottom: 54px; font-size: 16px; line-height: 28px; color: rgb(102, 102, 111); font-family: &quot;Open Sans&quot;, sans-serif;\">IntellPro mant\u00e9m um esfor\u00e7o permanente para cumprir o que promete &#8211; prover o mercado com &#8220;IntelligentProducts&#8221;!<\/p>\t\t\t\t\t\t<\/div>\n\t\t\t\t<\/div>\n\t\t\t\t\t<\/div>\n\t\t<\/div>\n\t\t\t\t\t<\/div>\n\t\t<\/section>\n\t\t\t\t<section class=\"elementor-section elementor-top-section elementor-element elementor-element-8aa3c4e elementor-section-boxed elementor-section-height-default elementor-section-height-default\" data-id=\"8aa3c4e\" data-element_type=\"section\">\n\t\t\t\t\t\t<div class=\"elementor-container elementor-column-gap-default\">\n\t\t\t\t\t<div class=\"elementor-column elementor-col-100 elementor-top-column elementor-element elementor-element-43c4a4c\" data-id=\"43c4a4c\" data-element_type=\"column\">\n\t\t\t<div class=\"elementor-widget-wrap elementor-element-populated\">\n\t\t\t\t\t\t<div class=\"elementor-element elementor-element-99b854a elementor-widget elementor-widget-spacer\" data-id=\"99b854a\" data-element_type=\"widget\" data-widget_type=\"spacer.default\">\n\t\t\t\t<div class=\"elementor-widget-container\">\n\t\t\t\t\t<div class=\"elementor-spacer\">\n\t\t\t<div class=\"elementor-spacer-inner\"><\/div>\n\t\t<\/div>\n\t\t\t\t<\/div>\n\t\t\t\t<\/div>\n\t\t\t\t\t<\/div>\n\t\t<\/div>\n\t\t\t\t\t<\/div>\n\t\t<\/section>\n\t\t\t\t<\/div>\n\t\t","protected":false},"excerpt":{"rendered":"<p>Intellpro IntellPro \u00e9 uma empresa dedicada \u00e0 Pesquisa &amp; Desenvolvimento de Produtos, Servi\u00e7os e Conceitos que contribuam positivamente na vida do Indiv\u00edduo, Empresa e Comunidade, incentivando o uso de Tecnologia em busca das melhores Solu\u00e7\u00f5es para os Desafios da Vida Moderna! IntellPro oferece Produtos e Servi\u00e7os sempre inovadores, como a Bomba M\u00e1gica MagiFlux \u2013 \u201cUma [&hellip;]<\/p>\n","protected":false},"author":1,"featured_media":0,"parent":0,"menu_order":0,"comment_status":"closed","ping_status":"closed","template":"elementor_header_footer","meta":{"_themeisle_gutenberg_block_has_review":false,"footnotes":""},"_links":{"self":[{"href":"https:\/\/intelgiga.com.br\/intellpro\/wp-json\/wp\/v2\/pages\/751"}],"collection":[{"href":"https:\/\/intelgiga.com.br\/intellpro\/wp-json\/wp\/v2\/pages"}],"about":[{"href":"https:\/\/intelgiga.com.br\/intellpro\/wp-json\/wp\/v2\/types\/page"}],"author":[{"embeddable":true,"href":"https:\/\/intelgiga.com.br\/intellpro\/wp-json\/wp\/v2\/users\/1"}],"replies":[{"embeddable":true,"href":"https:\/\/intelgiga.com.br\/intellpro\/wp-json\/wp\/v2\/comments?post=751"}],"version-history":[{"count":13,"href":"https:\/\/intelgiga.com.br\/intellpro\/wp-json\/wp\/v2\/pages\/751\/revisions"}],"predecessor-version":[{"id":864,"href":"https:\/\/intelgiga.com.br\/intellpro\/wp-json\/wp\/v2\/pages\/751\/revisions\/864"}],"wp:attachment":[{"href":"https:\/\/intelgiga.com.br\/intellpro\/wp-json\/wp\/v2\/media?parent=751"}],"curies":[{"name":"wp","href":"https:\/\/api.w.org\/{rel}","templated":true}]}}