{"id":696,"date":"2021-09-29T13:42:15","date_gmt":"2021-09-29T16:42:15","guid":{"rendered":"https:\/\/intelgiga.com.br\/intellpro\/?post_type=product&#038;p=696"},"modified":"2022-05-25T12:39:03","modified_gmt":"2022-05-25T15:39:03","slug":"magiflux-exportacao","status":"publish","type":"product","link":"https:\/\/intelgiga.com.br\/intellpro\/produto\/magiflux-exportacao\/","title":{"rendered":"Magiflux &#8211; Exporta\u00e7\u00e3o"},"content":{"rendered":"<p><strong>INSTRU\u00c7\u00d5ES DE USO<\/strong><br \/>\n&#8211; Coloque a v\u00e1lvula da mangueira do l\u00edquido do reservat\u00f3rio de origem;<br \/>\n&#8211; Posicione a outra extremidade da mangueira no recipiente de destino (tanque do veiculo, moto, etc), que dever\u00e1 estar em um n\u00edvel mais baixo do que o recipiente de origem;<br \/>\n&#8211; Fa\u00e7a movimentos r\u00e1pidos para cima e para baixo, para acionar a v\u00e1lvula e deixar o liquido subir pela mangueira.<\/p>\n<p><strong>DESEMPENHO<\/strong><br \/>\nA vaz\u00e3o de at\u00e9 12 litros por minuto com ARLA 32, Diesel, Gasolina, \u00c1lcool ou \u00c1gua podendo variar com a viscosidade dos liquidos, bem como com o desnivel entre o recipiente de origem e de destino.<\/p>\n<p><b>CONSTRU\u00c7\u00c3O<\/b><br \/>\n\u2013 O corpo da bomba \u00e9 confeccionado em \u201cNylon\u201d e a esfera da v\u00e1lvula \u00e9 de vidro, ambos altamente resistentes \u00e0s agress\u00f5es qu\u00edmicas.<br \/>\nA bomba \u00e9 acoplada a uma mangueira de PVC de \u00bd Polegada de Di\u00e2metro com paredes de 1,5mm e comprimento de 1,60 metros. Todo o conjunto \u00e9 feito com materiais que n\u00e3o geram est\u00e1tica e n\u00e3o produzem fa\u00edscas.<\/p>\n<p><b>EMBALAGEM, DIMENS\u00d5ES E ARMAZENAGEM<\/b><br \/>\n\u2013 Caixas contendo 12 Unidades embaladas individualmente em Sacolas Pl\u00e1sticas com instru\u00e7\u00f5es de uso. O peso unit\u00e1rio \u00e9 de 180g e as dimens\u00f5es da caixa s\u00e3o C37cm x L21cm e H32cm, pesando 2,7Kg. Empilhamento m\u00e1ximo \u00e9 de 7 Caixas.<\/p>\n<p><b>CLASSIFICA\u00c7\u00c3O FISCAL E TRIBUT\u00c1RIA<\/b><br \/>\n\u2013 NCM: 84 13 82 00. Isento de IPI e de Substitui\u00e7\u00e3o Tribut\u00e1ria.<\/p>\n<p><b>MEIO AMBIENTE E DESCARTE<\/b><br \/>\n\u2013 O conjunto \u00e9 confeccionado em materiais integralmente recicl\u00e1veis.<\/p>\n<p><b>GARANTIA<\/b><br \/>\n\u2013 De um ano, desde que observadas as recomenda\u00e7\u00f5es de uso e armazenagem especificadas na embalagem.<\/p>\n","protected":false},"excerpt":{"rendered":"<p><strong>\u2022 200 unidades: U$ 4,00<\/strong><br \/>\n<strong>\u2022 acima de 200 unidades : U$ 3,80<\/strong><\/p>\n<p>&nbsp;<\/p>\n<p><strong>SOB CONSULTA<\/strong><\/p>\n<p><strong>Entrar em contato atrav\u00e9s do WhatsApp:<\/strong><a href=\"https:\/\/api.whatsapp.com\/send?phone=5511993937281&amp;text=IntellPro\" target=\"_blank\" rel=\"noopener\"> (11) 99393-7281<\/a><\/p>\n<p><strong>Entrar em contato atrav\u00e9s do E-mail:<\/strong> <a href=\"mailto:contato@intellpro.com.br\" target=\"_blank\" rel=\"noopener\">contato@intellpro.com.br<\/a><\/p>\n","protected":false},"featured_media":693,"comment_status":"open","ping_status":"closed","template":"","meta":{"_themeisle_gutenberg_block_has_review":false},"product_cat":[54],"product_tag":[],"_links":{"self":[{"href":"https:\/\/intelgiga.com.br\/intellpro\/wp-json\/wp\/v2\/product\/696"}],"collection":[{"href":"https:\/\/intelgiga.com.br\/intellpro\/wp-json\/wp\/v2\/product"}],"about":[{"href":"https:\/\/intelgiga.com.br\/intellpro\/wp-json\/wp\/v2\/types\/product"}],"replies":[{"embeddable":true,"href":"https:\/\/intelgiga.com.br\/intellpro\/wp-json\/wp\/v2\/comments?post=696"}],"wp:featuredmedia":[{"embeddable":true,"href":"https:\/\/intelgiga.com.br\/intellpro\/wp-json\/wp\/v2\/media\/693"}],"wp:attachment":[{"href":"https:\/\/intelgiga.com.br\/intellpro\/wp-json\/wp\/v2\/media?parent=696"}],"wp:term":[{"taxonomy":"product_cat","embeddable":true,"href":"https:\/\/intelgiga.com.br\/intellpro\/wp-json\/wp\/v2\/product_cat?post=696"},{"taxonomy":"product_tag","embeddable":true,"href":"https:\/\/intelgiga.com.br\/intellpro\/wp-json\/wp\/v2\/product_tag?post=696"}],"curies":[{"name":"wp","href":"https:\/\/api.w.org\/{rel}","templated":true}]}}