{"id":697,"date":"2021-09-29T13:44:15","date_gmt":"2021-09-29T16:44:15","guid":{"rendered":"https:\/\/intelgiga.com.br\/intellpro\/?post_type=product&#038;p=697"},"modified":"2022-05-25T12:52:51","modified_gmt":"2022-05-25T15:52:51","slug":"i-up-marca-de-terceiros-brinde","status":"publish","type":"product","link":"https:\/\/intelgiga.com.br\/intellpro\/produto\/i-up-marca-de-terceiros-brinde\/","title":{"rendered":"I-UP &#8211; Marca de Terceiros \/ Brinde"},"content":{"rendered":"<p><b>DEFINI\u00c7\u00c3O E APLICABILIDADE \u2013<\/b>\u00a0Suporte para Tablets, Phablets e Smart Phones, destinado ao uso dos equipamentos em posi\u00e7\u00e3o Horizontal ou Vertical, proporcionando maior conforto e seguran\u00e7a na digita\u00e7\u00e3o, leitura, visualiza\u00e7\u00e3o de filmes, conversas no Skype ou para uso em jogos eletr\u00f4nicos.<\/p>\n<p><b>INDICA\u00c7\u00d5ES E VANTAGENS SOBRE OUTROS DISPOSITIVOS E CAPAS CONVENCIONAIS \u2013<\/b>\u00a0Trata-se de um dispositivo simples, pr\u00e1tico e robusto que oferece muito maior estabilidade tanto na opera\u00e7\u00e3o vertical \u2013 para leitura ou visualiza\u00e7\u00e3o de filmes como na horizontal \u2013 para digita\u00e7\u00e3o ou uso em jogos. O suporte posiciona os equipamentos em \u00e2ngulos cientificamente estudados para proporcionar ergonomia perfeita e conforto para os usu\u00e1rios.<\/p>\n<p><b>FUNCIONAMENTO E SUGEST\u00d5ES DE USO \u2013<\/b>\u00a0Basta acondicionar o equipamento sobre a plataforma na posi\u00e7\u00e3o horizontal ou na cavidade apropriada para a posi\u00e7\u00e3o vertical para obter uma condi\u00e7\u00e3o de uso confort\u00e1vel e ergon\u00f4mica. Os principais usos sugeridos s\u00e3o:<\/p>\n<p>&#8211; Digita\u00e7\u00e3o<br \/>\n&#8211; Leitura inclu\u00eddos os E-Readers<br \/>\n&#8211; Jogos<br \/>\n&#8211; Visualiza\u00e7\u00e3o de Filmes<br \/>\n&#8211; Skype e outros meios de comunica\u00e7\u00e3o VOIP<br \/>\n&#8211; C\u00f3pia de Textos com prancheta<\/p>\n<p><b>PERFORMANCE E SA\u00daDE \u2013<\/b>\u00a0O aproveitamento dos recursos dos equipamentos eletr\u00f4nicos ser\u00e1 sensivelmente melhor com o uso do dispositivo i-up tanto na posi\u00e7\u00e3o de digita\u00e7\u00e3o como de leitura e as posi\u00e7\u00f5es ergonomicamente corretas proporcionam conforto e evitam o cansa\u00e7o excessivo e eventuais danos aos olhos e \u00e0 coluna vertebral.<\/p>\n<p><b>CONSTRU\u00c7\u00c3O E DESIGN \u2013<\/b>\u00a0O dispositivo \u00e9 constru\u00eddo em ABS de alta resist\u00eancia \u00e0 abras\u00e3o e a impactos , injetado sob press\u00e3o, sem pe\u00e7as m\u00f3veis que possam afetar a sua vida \u00fatil. O design moderno e as alternativas de cores transformam o dispositivo em uma pe\u00e7a de decora\u00e7\u00e3o para o ambiente, seja profissional ou dom\u00e9stico.<\/p>\n<p><b>EMBALAGEM, DIMENS\u00d5ES E ARMAZENAGEM \u2013\u00a0<\/b>Caixas expositoras de balc\u00e3o impressas em processo flexogr\u00e1fico com tr\u00eas cores contendo 12 Unidades, preparadas com cintas plastificadas impressas em offset com quatro cores, para exposi\u00e7\u00e3o individual em clip stripes ou gancheiras. O peso unit\u00e1rio do dispositivo \u00e9 de aproximadamente 140g e as dimens\u00f5es da caixa s\u00e3o:<\/p>\n<p>Comprimento: 25cm<br \/>\nLargura:16,5cm<br \/>\nAltura: 16cm<br \/>\nPeso Bruto: 1900g<br \/>\nO empilhamento m\u00e1ximo recomendado \u00e9 de 10 Caixas.<\/p>\n<p><b>CLASSIFICA\u00c7\u00c3O FISCAL E TRIBUT\u00c1RIA \u2013 NCM:<\/b>\u00a039.26.10.00 IPI de 15%<\/p>\n<p><b>MEIO AMBIENTE E DESCARTE \u2013\u00a0<\/b>O dispositivo e suas embalagens s\u00e3o confeccionados em materiais integralmente recicl\u00e1veis.<\/p>\n","protected":false},"excerpt":{"rendered":"<p><strong>\u2022 300 a 999 unidades: R$28,00\u00a0 \/ unidade + R$2,50 para print ou adesivo<\/strong><br \/>\n<strong>\u2022 1000 unidades e acima: R$26,00\u00a0 \/ unidade + R$2,50 para print ou adesivo<\/strong><\/p>\n<p>&nbsp;<\/p>\n<p><strong>SOB CONSULTA<\/strong><\/p>\n<p><strong>Entrar em contato atrav\u00e9s do WhatsApp:<\/strong><a href=\"https:\/\/api.whatsapp.com\/send?phone=5511993937281&amp;text=IntellPro\" target=\"_blank\" rel=\"noopener\"> (11) 99393-7281<\/a><\/p>\n<p><strong>Entrar em contato atrav\u00e9s do E-mail:<\/strong> <a href=\"mailto:contato@intellpro.com.br\" target=\"_blank\" rel=\"noopener\">contato@intellpro.com.br<\/a><\/p>\n","protected":false},"featured_media":691,"comment_status":"open","ping_status":"closed","template":"","meta":{"_themeisle_gutenberg_block_has_review":false},"product_cat":[55],"product_tag":[],"_links":{"self":[{"href":"https:\/\/intelgiga.com.br\/intellpro\/wp-json\/wp\/v2\/product\/697"}],"collection":[{"href":"https:\/\/intelgiga.com.br\/intellpro\/wp-json\/wp\/v2\/product"}],"about":[{"href":"https:\/\/intelgiga.com.br\/intellpro\/wp-json\/wp\/v2\/types\/product"}],"replies":[{"embeddable":true,"href":"https:\/\/intelgiga.com.br\/intellpro\/wp-json\/wp\/v2\/comments?post=697"}],"wp:featuredmedia":[{"embeddable":true,"href":"https:\/\/intelgiga.com.br\/intellpro\/wp-json\/wp\/v2\/media\/691"}],"wp:attachment":[{"href":"https:\/\/intelgiga.com.br\/intellpro\/wp-json\/wp\/v2\/media?parent=697"}],"wp:term":[{"taxonomy":"product_cat","embeddable":true,"href":"https:\/\/intelgiga.com.br\/intellpro\/wp-json\/wp\/v2\/product_cat?post=697"},{"taxonomy":"product_tag","embeddable":true,"href":"https:\/\/intelgiga.com.br\/intellpro\/wp-json\/wp\/v2\/product_tag?post=697"}],"curies":[{"name":"wp","href":"https:\/\/api.w.org\/{rel}","templated":true}]}}