{"id":698,"date":"2021-09-29T13:54:54","date_gmt":"2021-09-29T16:54:54","guid":{"rendered":"https:\/\/intelgiga.com.br\/intellpro\/?post_type=product&#038;p=698"},"modified":"2024-04-04T13:32:36","modified_gmt":"2024-04-04T16:32:36","slug":"magiflux-12-unidades","status":"publish","type":"product","link":"https:\/\/intelgiga.com.br\/intellpro\/produto\/magiflux-12-unidades\/","title":{"rendered":"MagiFlux &#8211; 12 Unidades"},"content":{"rendered":"<p>A bomba funciona sem eletricidade e, principalmente, sem precisar sugar o l\u00edquido no final da mangueira para iniciar a transfer\u00eancia. As aplica\u00e7\u00f5es do produto s\u00e3o infinitas e oferecem as seguintes vantagens:<\/p>\n<p>\u2022N\u00e3o precisa de eletricidade e pode ser usada em qualquer lugar.<br \/>\n\u2022Evita a inala\u00e7\u00e3o ou o ingest\u00e3o de l\u00edquidos perigosos, como combust\u00edveis e outros l\u00edquidos industriais.<br \/>\n\u2022Oferece uma simplicidade e facilidade de uso que permite com que qualquer um possa usar sem maiores dificuldades.<br \/>\n\u2022\u00c9 t\u00e3o compacto como uma mangueira comum e pode ser transportado em ve\u00edculos particulares e malas.<br \/>\n\u2022\u00c9 barato quando comparado com uma bomba de suc\u00e7\u00e3o el\u00e9trica e n\u00e3o oferece riscos como fa\u00edscas em contato com combust\u00edveis.<br \/>\n\u2022Oferece uma excelente vaz\u00e3o quando usado corretamente. Devido a sua praticidade, MagiFlux pode e deve estar sempre a m\u00e3o. Seja no carro, na lancha, na oficina de casa at\u00e9 a sala de ferramentas de uma f\u00e1brica, MagiFlux nunca fica no caminho e seu f\u00e1cil uso permite que ele seja usado em qualquer lugar para transferir l\u00edquidos com simplicidade.<\/p>\n","protected":false},"excerpt":{"rendered":"<p>Entrar em contato atrav\u00e9s do WhatsApp: +55 11 99393-7281<\/p>\n[video width=\"426\" height=\"240\" mp4=\"https:\/\/intelgiga.com.br\/intellpro\/wp-content\/uploads\/2020\/10\/video-magi.mp4\" loop=\"true\" autoplay=\"true\" preload=\"auto\"][\/video]\n","protected":false},"featured_media":699,"comment_status":"open","ping_status":"closed","template":"","meta":{"_themeisle_gutenberg_block_has_review":false},"product_cat":[52],"product_tag":[],"_links":{"self":[{"href":"https:\/\/intelgiga.com.br\/intellpro\/wp-json\/wp\/v2\/product\/698"}],"collection":[{"href":"https:\/\/intelgiga.com.br\/intellpro\/wp-json\/wp\/v2\/product"}],"about":[{"href":"https:\/\/intelgiga.com.br\/intellpro\/wp-json\/wp\/v2\/types\/product"}],"replies":[{"embeddable":true,"href":"https:\/\/intelgiga.com.br\/intellpro\/wp-json\/wp\/v2\/comments?post=698"}],"wp:featuredmedia":[{"embeddable":true,"href":"https:\/\/intelgiga.com.br\/intellpro\/wp-json\/wp\/v2\/media\/699"}],"wp:attachment":[{"href":"https:\/\/intelgiga.com.br\/intellpro\/wp-json\/wp\/v2\/media?parent=698"}],"wp:term":[{"taxonomy":"product_cat","embeddable":true,"href":"https:\/\/intelgiga.com.br\/intellpro\/wp-json\/wp\/v2\/product_cat?post=698"},{"taxonomy":"product_tag","embeddable":true,"href":"https:\/\/intelgiga.com.br\/intellpro\/wp-json\/wp\/v2\/product_tag?post=698"}],"curies":[{"name":"wp","href":"https:\/\/api.w.org\/{rel}","templated":true}]}}